{"id":499,"date":"2024-04-08T15:52:27","date_gmt":"2024-04-08T15:52:27","guid":{"rendered":"http:\/\/hangthuong.com?page_id=499"},"modified":"2024-04-11T10:26:31","modified_gmt":"2024-04-11T10:26:31","slug":"payment-guide","status":"publish","type":"page","link":"https:\/\/hangthuong.com\/en\/payment-guide\/","title":{"rendered":"Payment Guide"},"content":{"rendered":"<h2>I. PAYMENT STEPS<\/h2>\n<p><strong>B\u01b0\u1edbc 1<\/strong><strong>:<\/strong>\u00a0Sau khi Qu\u00fd kh\u00e1ch \u0111\u00e3 th\u1ed1ng nh\u1ea5t v\u1edbi b\u1ed9 ph\u1eadn kinh doanh c\u1ee7a Vietskytourism v\u1ec1 d\u1ecbch v\u1ee5 m\u00e0 Qu\u00fd kh\u00e1ch l\u1ef1a ch\u1ecdn. Ch\u00fang t\u00f4i s\u1ebd ti\u1ebfn h\u00e0nh th\u1ee7 t\u1ee5c \u0111\u1eb7t\/gi\u1eef d\u1ecbch v\u1ee5 cho Qu\u00fd kh\u00e1ch bao g\u1ed3m: Tour du l\u1ecbch, kh\u00e1ch s\u1ea1n, v\u00e9 m\u00e1y bay, v\u1eadn chuy\u1ec3n, visa,\u2026\u2026<\/p>\n<p><strong>B\u01b0\u1edbc 2<\/strong>: \u0110\u1ec3 gi\u1eef d\u1ecbch v\u1ee5 v\u00e0 th\u1ef1c hi\u1ec7n tour theo y\u00eau c\u1ea7u, kh\u00e1ch h\u00e0ng ph\u1ea3i \u0111\u1eb7t c\u1ecdc tr\u01b0\u1edbc s\u1ed1 ti\u1ec1n m\u00e0 b\u1ed9 ph\u1eadn kinh doanh \u0111\u00e3 t\u01b0 v\u1ea5n sau khi 2 b\u00ean th\u1ed1ng nh\u1ea5t \u0111\u01b0\u1ee3c ch\u01b0\u01a1ng tr\u00ecnh. Vi\u1ec7c \u0111\u1eb7t c\u1ecdc th\u00f4ng th\u01b0\u1eddng \u0111\u01b0\u1ee3c ti\u1ebfn h\u00e0nh b\u1eb1ng c\u00e1c c\u00e1ch sau:<\/p>\n<h2><strong>II. ACCOUNT INFORMATION<\/strong><\/h2>\n<p><strong>T\u00e0i kho\u1ea3n l\u1ea5y thu\u1ebf VAT:\u00a0<\/strong><\/p>\n<table>\n<tbody>\n<tr>\n<td><strong>C\u00d4NG TY TNHH TH\u01af\u01a0NG M\u1ea0I V\u00c0 D\u1ecaCH V\u1ee4 VIETSKY<\/strong><strong>\u0110\u1ea1i di\u1ec7n: \u00d4ng Ph\u00f9ng Ch\u00ed D\u01b0\u01a1ng\u00a0\u00a0\u00a0\u00a0\u00a0\u00a0\u00a0<\/strong><\/p>\n<p><strong>Ch\u1ee9c v\u1ee5: Gi\u00e1m \u0110\u1ed1c<\/strong><\/p>\n<p><strong>\u0110\u1ecba ch\u1ec9:<\/strong>\u00a0 S\u1ed1 255 Ho\u00e0ng V\u0103n Th\u00e1i, Thanh Xu\u00e2n , H\u00e0 N\u1ed9i<\/p>\n<p><strong>M\u00e3 s\u1ed1 thu\u1ebf:\u00a0<\/strong>\u00a02300859117<\/p>\n<p><strong>Ng\u00e2n h\u00e0ng:<\/strong>\u00a0Vietcombank<\/p>\n<p><strong>S\u1ed1 t\u00e0i kho\u1ea3n:<\/strong>\u00a00351000861395<\/td>\n<\/tr>\n<\/tbody>\n<\/table>\n<hr \/>\n<p><strong>T\u00e0i kho\u1ea3n kh\u00f4ng l\u1ea5y thu\u1ebf VAT<\/strong><\/p>\n<table>\n<tbody>\n<tr>\n<td><strong>Ng\u00e2n h\u00e0ng Vietcombank chi nh\u00e1nh Th\u0103ng Long H\u00e0 N\u1ed9i<\/strong><strong>Ch\u1ee7 t\u00e0i kho\u1ea3n:<\/strong>\u00a0Th\u00e1i Th\u1ecb H\u1ed3ng V\u00e2n<\/p>\n<p><strong>S\u1ed1 t\u00e0i kho\u1ea3n:<\/strong>\u00a00491001930049<\/td>\n<td><strong>Ng\u00e2n h\u00e0ng Agribank chi nh\u00e1nh B\u1eafc Ninh<\/strong><strong>Ch\u1ee7 t\u00e0i kho\u1ea3n:<\/strong>\u00a0Th\u00e1i Th\u1ecb H\u1ed3ng V\u00e2n<\/p>\n<p><strong>S\u1ed1 t\u00e0i kho\u1ea3n:<\/strong>\u00a02600205208010<\/td>\n<td><strong>Ng\u00e2n h\u00e0ng Vietinbank chi nh\u00e1nh B\u1eafc Ninh<\/strong><strong>Ch\u1ee7 t\u00e0i kho\u1ea3n:<\/strong>\u00a0Th\u00e1i Th\u1ecb H\u1ed3ng V\u00e2n<\/p>\n<p><strong>S\u1ed1 t\u00e0i kho\u1ea3n:<\/strong>\u00a0105001995835<\/td>\n<\/tr>\n<tr>\n<td><strong>Ng\u00e2n h\u00e0ng BIDV chi nh\u00e1nh B\u1eafc Ninh<\/strong><strong>Ch\u1ee7 t\u00e0i kho\u1ea3n:<\/strong>\u00a0Th\u00e1i Th\u1ecb H\u1ed3ng V\u00e2n<\/p>\n<p><strong>S\u1ed1 t\u00e0i kho\u1ea3n:<\/strong>\u00a043210000568764<\/td>\n<td><strong>Ng\u00e2n h\u00e0ng Shinhanbank chi Nh\u00e1nh B\u1eafc Ninh<\/strong><strong>Ch\u1ee7 t\u00e0i kho\u1ea3n:<\/strong>\u00a0Th\u00e1i Th\u1ecb H\u1ed3ng V\u00e2n<\/p>\n<p><strong>S\u1ed1 t\u00e0i kho\u1ea3n:<\/strong>\u00a0700004856160<\/td>\n<td><strong>Ng\u00e2n h\u00e0ng MB chi nh\u00e1nh B\u1eafc Ninh<\/strong><strong>Ch\u1ee7 t\u00e0i kho\u1ea3n:<\/strong>\u00a0Th\u00e1i Th\u1ecb H\u1ed3ng V\u00e2n<\/p>\n<p><strong>S\u1ed1 t\u00e0i kho\u1ea3n:<\/strong>\u00a00300104646003<\/td>\n<\/tr>\n<\/tbody>\n<\/table>\n","protected":false},"excerpt":{"rendered":"<p>I. PAYMENT STEPS B\u01b0\u1edbc 1:\u00a0Sau khi Qu\u00fd kh\u00e1ch \u0111\u00e3 th\u1ed1ng nh\u1ea5t v\u1edbi b\u1ed9 ph\u1eadn kinh doanh c\u1ee7a Vietskytourism v\u1ec1 d\u1ecbch v\u1ee5 m\u00e0 Qu\u00fd kh\u00e1ch l\u1ef1a ch\u1ecdn. Ch\u00fang t\u00f4i s\u1ebd ti\u1ebfn h\u00e0nh th\u1ee7 t\u1ee5c \u0111\u1eb7t\/gi\u1eef d\u1ecbch v\u1ee5 cho Qu\u00fd kh\u00e1ch bao g\u1ed3m: Tour du l\u1ecbch, kh\u00e1ch s\u1ea1n, v\u00e9 m\u00e1y bay, v\u1eadn chuy\u1ec3n, visa,\u2026\u2026 B\u01b0\u1edbc 2: \u0110\u1ec3 [&hellip;]<\/p>\n","protected":false},"author":1,"featured_media":0,"parent":0,"menu_order":0,"comment_status":"closed","ping_status":"closed","template":"","meta":{"footnotes":""},"acf":[],"yoast_head":"<!-- This site is optimized with the Yoast SEO plugin v22.4 - https:\/\/yoast.com\/wordpress\/plugins\/seo\/ -->\n<title>Payment Guide - H\u1eb1ng Th\u01b0\u1eddng<\/title>\n<meta name=\"robots\" content=\"noindex, follow, max-snippet:-1, max-image-preview:large, max-video-preview:-1\" \/>\n<meta property=\"og:locale\" content=\"en_US\" \/>\n<meta property=\"og:type\" content=\"article\" \/>\n<meta property=\"og:title\" content=\"Payment Guide - H\u1eb1ng Th\u01b0\u1eddng\" \/>\n<meta property=\"og:description\" content=\"I. PAYMENT STEPS B\u01b0\u1edbc 1:\u00a0Sau khi Qu\u00fd kh\u00e1ch \u0111\u00e3 th\u1ed1ng nh\u1ea5t v\u1edbi b\u1ed9 ph\u1eadn kinh doanh c\u1ee7a Vietskytourism v\u1ec1 d\u1ecbch v\u1ee5 m\u00e0 Qu\u00fd kh\u00e1ch l\u1ef1a ch\u1ecdn. Ch\u00fang t\u00f4i s\u1ebd ti\u1ebfn h\u00e0nh th\u1ee7 t\u1ee5c \u0111\u1eb7t\/gi\u1eef d\u1ecbch v\u1ee5 cho Qu\u00fd kh\u00e1ch bao g\u1ed3m: Tour du l\u1ecbch, kh\u00e1ch s\u1ea1n, v\u00e9 m\u00e1y bay, v\u1eadn chuy\u1ec3n, visa,\u2026\u2026 B\u01b0\u1edbc 2: \u0110\u1ec3 [&hellip;]\" \/>\n<meta property=\"og:url\" content=\"https:\/\/hangthuong.com\/en\/payment-guide\/\" \/>\n<meta property=\"og:site_name\" content=\"H\u1eb1ng Th\u01b0\u1eddng\" \/>\n<meta property=\"article:modified_time\" content=\"2024-04-11T10:26:31+00:00\" \/>\n<meta name=\"twitter:card\" content=\"summary_large_image\" \/>\n<meta name=\"twitter:label1\" content=\"Est. reading time\" \/>\n\t<meta name=\"twitter:data1\" content=\"2 minutes\" \/>\n<script type=\"application\/ld+json\" class=\"yoast-schema-graph\">{\"@context\":\"https:\/\/schema.org\",\"@graph\":[{\"@type\":\"WebPage\",\"@id\":\"https:\/\/hangthuong.com\/en\/payment-guide\/\",\"url\":\"https:\/\/hangthuong.com\/en\/payment-guide\/\",\"name\":\"Payment Guide - H\u1eb1ng Th\u01b0\u1eddng\",\"isPartOf\":{\"@id\":\"https:\/\/hangthuong.com\/#website\"},\"datePublished\":\"2024-04-08T15:52:27+00:00\",\"dateModified\":\"2024-04-11T10:26:31+00:00\",\"breadcrumb\":{\"@id\":\"https:\/\/hangthuong.com\/en\/payment-guide\/#breadcrumb\"},\"inLanguage\":\"en-US\",\"potentialAction\":[{\"@type\":\"ReadAction\",\"target\":[\"https:\/\/hangthuong.com\/en\/payment-guide\/\"]}]},{\"@type\":\"BreadcrumbList\",\"@id\":\"https:\/\/hangthuong.com\/en\/payment-guide\/#breadcrumb\",\"itemListElement\":[{\"@type\":\"ListItem\",\"position\":1,\"name\":\"Home\",\"item\":\"https:\/\/hangthuong.com\/en\/\"},{\"@type\":\"ListItem\",\"position\":2,\"name\":\"Payment Guide\"}]},{\"@type\":\"WebSite\",\"@id\":\"https:\/\/hangthuong.com\/#website\",\"url\":\"https:\/\/hangthuong.com\/\",\"name\":\"H\u1eb1ng Th\u01b0\u1eddng\",\"description\":\"\",\"potentialAction\":[{\"@type\":\"SearchAction\",\"target\":{\"@type\":\"EntryPoint\",\"urlTemplate\":\"https:\/\/hangthuong.com\/?s={search_term_string}\"},\"query-input\":\"required name=search_term_string\"}],\"inLanguage\":\"en-US\"}]}<\/script>\n<!-- \/ Yoast SEO plugin. -->","yoast_head_json":{"title":"Payment Guide - H\u1eb1ng Th\u01b0\u1eddng","robots":{"index":"noindex","follow":"follow","max-snippet":"max-snippet:-1","max-image-preview":"max-image-preview:large","max-video-preview":"max-video-preview:-1"},"og_locale":"en_US","og_type":"article","og_title":"Payment Guide - H\u1eb1ng Th\u01b0\u1eddng","og_description":"I. PAYMENT STEPS B\u01b0\u1edbc 1:\u00a0Sau khi Qu\u00fd kh\u00e1ch \u0111\u00e3 th\u1ed1ng nh\u1ea5t v\u1edbi b\u1ed9 ph\u1eadn kinh doanh c\u1ee7a Vietskytourism v\u1ec1 d\u1ecbch v\u1ee5 m\u00e0 Qu\u00fd kh\u00e1ch l\u1ef1a ch\u1ecdn. Ch\u00fang t\u00f4i s\u1ebd ti\u1ebfn h\u00e0nh th\u1ee7 t\u1ee5c \u0111\u1eb7t\/gi\u1eef d\u1ecbch v\u1ee5 cho Qu\u00fd kh\u00e1ch bao g\u1ed3m: Tour du l\u1ecbch, kh\u00e1ch s\u1ea1n, v\u00e9 m\u00e1y bay, v\u1eadn chuy\u1ec3n, visa,\u2026\u2026 B\u01b0\u1edbc 2: \u0110\u1ec3 [&hellip;]","og_url":"https:\/\/hangthuong.com\/en\/payment-guide\/","og_site_name":"H\u1eb1ng Th\u01b0\u1eddng","article_modified_time":"2024-04-11T10:26:31+00:00","twitter_card":"summary_large_image","twitter_misc":{"Est. reading time":"2 minutes"},"schema":{"@context":"https:\/\/schema.org","@graph":[{"@type":"WebPage","@id":"https:\/\/hangthuong.com\/en\/payment-guide\/","url":"https:\/\/hangthuong.com\/en\/payment-guide\/","name":"Payment Guide - H\u1eb1ng Th\u01b0\u1eddng","isPartOf":{"@id":"https:\/\/hangthuong.com\/#website"},"datePublished":"2024-04-08T15:52:27+00:00","dateModified":"2024-04-11T10:26:31+00:00","breadcrumb":{"@id":"https:\/\/hangthuong.com\/en\/payment-guide\/#breadcrumb"},"inLanguage":"en-US","potentialAction":[{"@type":"ReadAction","target":["https:\/\/hangthuong.com\/en\/payment-guide\/"]}]},{"@type":"BreadcrumbList","@id":"https:\/\/hangthuong.com\/en\/payment-guide\/#breadcrumb","itemListElement":[{"@type":"ListItem","position":1,"name":"Home","item":"https:\/\/hangthuong.com\/en\/"},{"@type":"ListItem","position":2,"name":"Payment Guide"}]},{"@type":"WebSite","@id":"https:\/\/hangthuong.com\/#website","url":"https:\/\/hangthuong.com\/","name":"H\u1eb1ng Th\u01b0\u1eddng","description":"","potentialAction":[{"@type":"SearchAction","target":{"@type":"EntryPoint","urlTemplate":"https:\/\/hangthuong.com\/?s={search_term_string}"},"query-input":"required name=search_term_string"}],"inLanguage":"en-US"}]}},"_links":{"self":[{"href":"https:\/\/hangthuong.com\/en\/wp-json\/wp\/v2\/pages\/499"}],"collection":[{"href":"https:\/\/hangthuong.com\/en\/wp-json\/wp\/v2\/pages"}],"about":[{"href":"https:\/\/hangthuong.com\/en\/wp-json\/wp\/v2\/types\/page"}],"author":[{"embeddable":true,"href":"https:\/\/hangthuong.com\/en\/wp-json\/wp\/v2\/users\/1"}],"replies":[{"embeddable":true,"href":"https:\/\/hangthuong.com\/en\/wp-json\/wp\/v2\/comments?post=499"}],"version-history":[{"count":1,"href":"https:\/\/hangthuong.com\/en\/wp-json\/wp\/v2\/pages\/499\/revisions"}],"predecessor-version":[{"id":500,"href":"https:\/\/hangthuong.com\/en\/wp-json\/wp\/v2\/pages\/499\/revisions\/500"}],"wp:attachment":[{"href":"https:\/\/hangthuong.com\/en\/wp-json\/wp\/v2\/media?parent=499"}],"curies":[{"name":"wp","href":"https:\/\/api.w.org\/{rel}","templated":true}]}}