{"id":497,"date":"2024-04-08T15:51:50","date_gmt":"2024-04-08T15:51:50","guid":{"rendered":"http:\/\/hangthuong.com?page_id=497"},"modified":"2024-04-11T10:25:52","modified_gmt":"2024-04-11T10:25:52","slug":"instructions-for-booking-tours","status":"publish","type":"page","link":"https:\/\/hangthuong.com\/en\/instructions-for-booking-tours\/","title":{"rendered":"Instructions for booking tours"},"content":{"rendered":"<h2><strong>I. TOUR BOOKING INSTRUCTIONS<\/strong><\/h2>\n<table>\n<tbody>\n<tr>\n<td><strong>\u0110\u1eb7t tour tr\u1ef1c ti\u1ebfp<\/strong><\/td>\n<td><strong>\u0110\u1eb7t tour Online<\/strong><\/td>\n<\/tr>\n<tr>\n<td><strong>V\u0103n ph\u00f2ng B\u1eafc Ninh:\u00a0<\/strong>T\u1ea7ng 5, t\u00f2a nh\u00e0 V-City, ph\u01b0\u1eddng V\u00f5 C\u01b0\u1eddng, \u0111\u01b0\u1eddng L\u00ea Th\u00e1i T\u1ed5, TP. B\u1eafc Ninh<strong>V\u0103n ph\u00f2ng H\u00e0 N\u1ed9i:<\/strong>\u00a0S\u1ed1 59 ph\u1ed1 D\u1ecbch V\u1ecdng H\u1eadu, qu\u1eadn C\u1ea7u Gi\u1ea5y, Th\u00e0nh ph\u1ed1 H\u00e0 N\u1ed9i<\/td>\n<td><strong>\u0110i\u1ec1n th\u00f4ng tin:<\/strong>\u00a0kh\u00e1ch h\u00e0ng \u0111i\u1ec1n th\u00f4ng tin v\u00e0o form t\u01b0 v\u1ea5n t\u1ea1i:\u00a0<a href=\"https:\/\/hangthuong.com\/en\/checkout\/\" target=\"_blank\" rel=\"noopener\">https:\/\/vietskytourism.com.vn\/thanh-toan<\/a><strong>Li\u00ean h\u1ec7 Hotline:<\/strong>\u00a00962.971.873<\/p>\n<p><strong>Email<\/strong>: mkt.vietskytourism@gmail.com@gmail.com<\/td>\n<\/tr>\n<\/tbody>\n<\/table>\n<h2><strong>II. TOUR PROGRAMS<\/strong><\/h2>\n<p>Kh\u00e1ch h\u00e0ng c\u00f3 th\u1ec3 \u0111\u0103ng k\u00fd ch\u01b0\u01a1ng tr\u00ecnh du l\u1ecbch tr\u1ef1c ti\u1ebfp qua \u0111i\u1ec7n tho\u1ea1i, \u0111\u0103ng k\u00fd t\u1ea1i v\u0103n ph\u00f2ng ho\u1eb7c b\u1eb1ng e-mail, Fax\u00a0\u0111\u01b0\u1ee3c g\u1eedi tr\u1ef1c ti\u1ebfp\u00a0\u0111\u1ebfn tr\u1ee5 s\u1edf ch\u00ednh c\u1ee7a c\u00f4ng ty Vietskytourism, c\u00e1c v\u0103n ph\u00f2ng du l\u1ecbch v\u00e0 c\u00e1c chi nh\u00e1nh c\u1ee7a c\u00f4ng ty t\u1ea1i Vi\u1ec7t Nam.<\/p>\n<p>Vi\u1ec7c \u0111\u0103ng k\u00fd tour c\u1ea7n \u0111\u01b0\u1ee3c th\u1ef1c hi\u1ec7n trung b\u00ecnh tr\u01b0\u1edbc 10 ng\u00e0y (kh\u00e1ch \u0111o\u00e0n) v\u00e0 t\u1eeb 5 \u0111\u1ebfn 1 ng\u00e0y (kh\u00e1ch l\u1ebb). Ri\u00eang \u0111\u1ed1i v\u1edbi c\u00e1c tour di chuy\u1ec3n b\u1eb1ng m\u00e1y bay, kh\u00e1ch h\u00e0ng ph\u1ea3i \u0111\u0103ng k\u00fd s\u1edbm \u0111\u1ec3 thu\u1eadn ti\u1ec7n cho vi\u1ec7c gi\u1eef v\u00e9 m\u00e1y bay.<\/p>\n<p>\u0110\u1eb7c bi\u1ec7t v\u00e0o c\u00e1c nh\u1ecbp L\u1ec5, T\u1ebft, ho\u1eb7c m\u00f9a cao \u0111i\u1ec3m l\u00e0 c\u00e1c th\u00e1ng h\u00e8, kh\u00e1ch h\u00e0ng c\u1ea7n \u0111\u0103ng k\u00fd s\u1edbm ngay t\u1eeb khi c\u00f3 \u00fd \u0111\u1ecbnh \u0111i du l\u1ecbch \u0111\u1ec3 vi\u1ec7c chu\u1ea9n b\u1ecb th\u1ef1c hi\u1ec7n tour \u0111\u01b0\u1ee3c chu to\u00e0n h\u01a1n.<\/p>\n<p>Vietskytourism s\u1ebd x\u00e1c nh\u1eadn ch\u01b0\u01a1ng tr\u00ecnh \u0111\u0103ng k\u00fd c\u1ee7a kh\u00e1ch h\u00e0ng b\u1eb1ng v\u0103n b\u1ea3n th\u00f4ng qua h\u1ee3p \u0111\u1ed3ng, e-mail, ho\u1eb7c Fax c\u00f3 k\u00e8m theo ch\u01b0\u01a1ng tr\u00ecnh c\u1ee5 th\u1ec3, n\u1ebfu r\u00f5 nh\u1eefng chi ti\u1ebft k\u1ef9 thu\u1eadt \u0111\u00e1p \u1ee9ng \u0111\u01b0\u1ee3c c\u00e1c nhu c\u1ea7u c\u1ee7a kh\u00e1ch h\u00e0ng \u0111\u1ed3ng th\u1eddi cho bi\u1ebft r\u00f5 nh\u1eefng y\u00eau c\u1ea7u n\u00e0o kh\u00f4ng th\u1ef1c hi\u1ec7n \u0111\u01b0\u1ee3c. kh\u00e1ch h\u00e0ng nh\u1eadn \u0111\u01b0\u1ee3c v\u00e9 du l\u1ecbch (kh\u00e1ch l\u1ebb) ho\u1eb7c y\u00eau c\u1ea7u k\u00fd v\u00e0o h\u1ee3p \u0111\u1ed3ng c\u00f3 k\u00e8m theo ch\u01b0\u01a1ng tr\u00ecng s\u1eafp x\u1ebfp cu\u1ed1i c\u00f9ng (kh\u00e1ch \u0111o\u00e0n) s\u1ebd \u0111\u01b0\u1ee3c xem nh\u01b0 l\u00e0 cam k\u1ebft th\u1ecfa thu\u1eadn gi\u1eefa hai b\u00ean.<\/p>\n<p>T\u1ea5t c\u1ea3 vi\u1ec7c t\u01b0 v\u1ea5n\u00a0th\u00f4ng tin du l\u1ecbch \u0111\u1ec1u \u0111\u01b0\u1ee3c mi\u1ec5n ph\u00ed ho\u00e0n to\u00e0n.<\/p>\n<h2><strong>III. PRICE OF THE TOUR PROGRAM<\/strong><\/h2>\n<ul>\n<li>Gi\u00e1 c\u1ee7a ch\u01b0\u01a1ng tr\u00ecnh du l\u1ecbch \u0111\u01b0\u1ee3c t\u00ednh theo VN\u0110 v\u00e0 USD (kh\u00e1ch l\u00e0 ng\u01b0\u1eddi n\u01b0\u1edbc ngo\u00e0i).<\/li>\n<li>Gi\u00e1 c\u1ea3 c\u00e1c tour ghi r\u00f5 trong b\u1ea3n gi\u00e1 cho t\u1eebng ch\u01b0\u01a1ng tr\u00ecnh v\u00e0 hi\u1ec7u l\u1ef1c trong nh\u1eefng kho\u1ea3n th\u1eddi gian x\u00e1c \u0111\u1ecbnh.<\/li>\n<li>Nh\u1eefng thay \u0111\u1ed5i trong ch\u01b0\u01a1ng tr\u00ecnh tham quan ngay tr\u01b0\u1edbc ng\u00e0y kh\u1edfi h\u00e0nh ho\u1eb7c khi \u0111ang th\u1ef1c hi\u1ec7n tour theo y\u00eau c\u1ea7u c\u1ee7a kh\u00e1ch \u0111\u1ec1u \u0111\u01b0\u1ee3c \u0111\u00e1p \u1ee9ng v\u00e0 th\u00f4ng b\u00e1o l\u1ea1i gi\u00e1 d\u1ef1a tr\u00ean s\u1ef1 th\u1ecfa thu\u1eadn, th\u1ed1ng nh\u1ea5t gi\u1eefa kh\u00e1ch h\u00e0ng v\u00e0 nh\u00e2n vi\u00ean b\u00e1n tour.<\/li>\n<li>C\u00e1c kho\u1ea3n bao g\u1ed3m v\u00e0 kh\u00f4ng bao g\u1ed3m trong gi\u00e1 tour s\u1ebd \u0111\u01b0\u1ee3c th\u00f4ng b\u00e1o r\u00f5 cho kh\u00e1ch h\u00e0ng tr\u00ean c\u00e1c t\u1edd ch\u01b0\u01a1ng tr\u00ecnh (kh\u00e1ch l\u1ebb) v\u00e0 h\u1ee3p \u0111\u1ed3ng (kh\u00e1ch \u0111o\u00e0n)<\/li>\n<li>Gi\u00e1 tour s\u1ebd t\u0103ng t\u1eeb 10% \u2013 20% v\u00e0o nh\u1ecbp l\u1ec5, t\u1ebft.<\/li>\n<\/ul>\n<div>\n<h2><strong>IV. CHILD MEMBER<\/strong><\/h2>\n<\/div>\n<div>Thi\u1ebfu ni\u00ean d\u01b0\u1edbi 12 tu\u1ed5i tham gia chuy\u1ebfn du l\u1ecbch ph\u1ea3i c\u00f3 ng\u01b0\u1eddi l\u1edbn \u0111i c\u00f9ng ngay l\u00fac kh\u1edfi h\u00e0nh.<br \/>\nM\u1ee9c gi\u00e1 d\u00e0nh cho tr\u1ebb em:<\/div>\n<ul>\n<li>Tr\u1ebb em d\u01b0\u1edbi 5 tu\u1ed5i: mi\u1ec5n ph\u00ed ph\u1ee5c v\u1ee5 (tr\u1eeb v\u00e9 m\u00e1y bay v\u00e0 xe l\u1eeda )<\/li>\n<li>Tr\u1ebb em t\u1eeb 6 tu\u1ed5i \u0111\u1ebfn 12 tu\u1ed5i: 50% gi\u00e1 v\u00e9 ng\u01b0\u1eddi l\u1edbn (ng\u1ee7 chung v\u1edbi ng\u01b0\u1eddi l\u1edbn, m\u1ed9t su\u1ea5t \u0103n ri\u00eang)<\/li>\n<li>Tr\u1ebb em tr\u00ean 12 tu\u1ed5i: Gi\u00e1 v\u00e9 b\u1eb1ng ng\u01b0\u1eddi l\u1edbn.<\/li>\n<\/ul>\n<div>Kh\u00e1ch h\u00e0ng c\u00f3 tr\u1ebb em \u0111i c\u00f9ng vui l\u00f2ng nh\u1eafc c\u00e1c em c\u1ea9n th\u1eadn khi leo n\u00fai, t\u1eafm bi\u1ec3n, \u0111i t\u00e0u thuy\u1ec1n v\u00e0 l\u01b0u \u00fd theo d\u00f5i c\u00e1c em\u00a0khi vui ch\u01a1i \u0111\u1ec3 tr\u00e1nh tr\u00ecnh tr\u1ea1ng \u0111i l\u1ea1c.<\/div>\n<div><\/div>\n<div><strong>V. H\u1ee6Y B\u1ece V\u00c0 PH\u00cd H\u1ee6Y B\u1ece<\/strong><\/div>\n<div>\n<p><strong>Tr\u01b0\u1eddng h\u1ee3p chuy\u1ebfn \u0111i b\u1ecb h\u1ee7y b\u1ecf do c\u00f4ng ty Vietskytourism<\/strong><\/p>\n<\/div>\n<p>N\u1ebfu C\u00f4ng ty Vietskytourism. kh\u00f4ng th\u1ef1c hi\u1ec7n \u0111\u01b0\u1ee3c chuy\u1ebfn \u0111i, C\u00f4ng ty Vietskytourism b\u00e1o ngay cho kh\u00e1ch h\u00e0ng bi\u1ebft v\u00e0 thanh to\u00e1n l\u1ea1i cho kh\u00e1ch h\u00e0ng \u0111\u00e3 \u0111\u00f3ng ti\u1ec1n trong v\u00f2ng ba ng\u00e0y k\u1ec3 t\u1eeb l\u00fac th\u00f4ng b\u00e1o vi\u1ec7t h\u1ee7y b\u1ecf b\u1eb1ng ti\u1ec1n m\u1eb7t ho\u1eb7c chuy\u1ec3n kho\u1ea3n.<\/p>\n<p>C\u00f4ng ty Vietskytourism. ch\u1ecbu m\u1ecdi chi ph\u00ed v\u1ec1 d\u1ecbch v\u1ee5 m\u00e0 c\u00f4ng ty \u0111\u00e3 \u0111\u1eb7t tr\u01b0\u1edbc cho \u0111o\u00e0n nh\u01b0: \u0111\u1eb7c c\u1ecdc d\u1ecbch v\u1ee5 kh\u00e1ch s\u1ea1n,nh\u00e0 h\u00e0ng xe c\u1ed9, t\u00e0u thuy\u1ec1n\u2026<\/p>\n<div>\n<p><strong>Tr\u01b0\u1eddng h\u1ee3p chuy\u1ebfn \u0111i b\u1ecb h\u1ee7y do kh\u00e1ch h\u00e0ng<\/strong><\/p>\n<p>Tr\u01b0\u1edbc ng\u00e0y kh\u1edfi h\u00e0nh, n\u1ebfu c\u00f3 th\u00e0nh vi\u00ean trong \u0111o\u00e0n c\u1ee7a kh\u00e1ch h\u00e0ng v\u00ec b\u1ea5t c\u1ee9 l\u00fd do g\u00ec kh\u00f4ng th\u1ec3 tham d\u1ef1 \u0111\u01b0\u1ee3c chuy\u1ebfn \u0111i, kh\u00e1ch h\u00e0ng ph\u1ea3i b\u00e1o ngay cho C\u00f4ng ty Vietskytourism. v\u00e0 ch\u1ecbu chi ph\u00ed h\u1ee7y b\u1ecf nh\u01b0 sau:<\/p>\n<\/div>\n<ul>\n<li>H\u1ee7y tr\u01b0\u1edbc 7 ng\u00e0y: 30% t\u1ed5ng gi\u00e1 tr\u1ecb c\u1ee7a ch\u01b0\u01a1ng tr\u00ecnh du l\u1ecbch<\/li>\n<li>H\u1ee7y t\u1eeb 2 \u0111\u1ebfn 6 ng\u00e0y: 50% t\u1ed5ng gi\u00e1 tr\u1ecb c\u1ee7a ch\u01b0\u01a1ng tr\u00ecnh du l\u1ecbch.<\/li>\n<li>H\u1ee7y trong v\u00f2ng 24 gi\u1edd: 100% t\u1ed5ng gi\u00e1 tr\u1ecb c\u1ee7a ch\u01b0\u01a1ng tr\u00ecnh du l\u1ecbch.<\/li>\n<\/ul>\n<div>\n<p>Vi\u1ec7c th\u00f4ng b\u00e1o h\u1ee7y b\u1ecf chuy\u1ebfn \u0111i ph\u1ea3i \u0111\u01b0\u1ee3c th\u00f4ng b\u00e1o tr\u1ef1c ti\u1ebfp v\u1edbi c\u00f4ng ty Vietskytourism b\u1eb1ng v\u0103n b\u1ea3n e- mail ho\u1eb7c fax v\u00e0 ph\u1ea3i \u0111\u01b0\u1ee3c c\u00f4ng ty Vietskytourism . x\u00e1c nh\u1eadn. Tr\u01b0\u1eddng h\u1ee3p h\u1ee7y b\u1ecf b\u1eb1ng \u0111i\u1ec7n tho\u1ea1i s\u1ebd kh\u00f4ng \u0111\u01b0\u1ee3c ch\u1ea5p nh\u1eadn.<\/p>\n<p><strong>Kh\u00f4ng ho\u00e0n l\u1ea1i ti\u1ec1n \u0111\u1ed1i v\u1edbi nh\u1eefng kh\u00e1ch h\u00e0ng b\u1ecf d\u1edf ch\u01b0\u01a1ng tr\u00ecnh du l\u1ecbch gi\u1eefa ch\u1eebng.\u00a0<\/strong><\/p>\n<h2><strong>VI. IDENTIFICATION<\/strong><\/h2>\n<\/div>\n<ol>\n<li>Gi\u1ea5y ch\u1ee9ng minh nh\u00e2n d\u00e2n.<\/li>\n<li>H\u1ed9 chi\u1ebfu (kh\u00e1ch vi\u1ec7t ki\u1ec1u ho\u1eb7c n\u01b0\u1edbc ngo\u00e0i).<\/li>\n<li>Gi\u1ea5y khai sinh cho em b\u00e9.<\/li>\n<li>Hai \u1ea3nh\u00a0(3\u00d74) v\u1edbi ch\u01b0\u01a1ng tr\u00ecnh c\u00f3 s\u1eed d\u1ee5ng gi\u1ea5y th\u00f4ng h\u00e0nh.<\/li>\n<\/ol>\n<h2><strong>VII. LUGGAGE<\/strong><\/h2>\n<ol>\n<li>H\u00e0nh l\u00fd g\u1ecdn nh\u1eb9.<\/li>\n<li>Kh\u00e1ch h\u00e0ng t\u1ef1 b\u1ea3o qu\u1ea3n t\u01b0 trang, h\u00e0nh l\u00fd trong su\u1ed1t th\u1eddi gian \u0111i tham quan.<\/li>\n<li>C\u00f4ng\u00a0ty Vietskytourism. kh\u00f4ng ch\u1ecbu tr\u00e1ch nhi\u1ec7m v\u1ec1 s\u1ef1 th\u1ea5t l\u1ea1c, h\u01b0 h\u1ecfng h\u00e0nh l\u00fd hay b\u1ea5t k\u1ef3 v\u1eadt d\u1ee5ng c\u00e1 nh\u00e2n n\u00e0o c\u1ee7a kh\u00e1ch.<\/li>\n<\/ol>\n<h2><strong>VIII. SPECIAL REQUIREMENTS DURING THE TRIP<\/strong><\/h2>\n<ol>\n<li>C\u00e1c y\u00eau c\u1ea7u \u0111\u1eb7c bi\u1ec7t c\u1ee7a qu\u00ed kh\u00e1ch ph\u1ea3i b\u00e1o tr\u01b0\u1edbc cho c\u00f4ng ty Vietskytourism ngay t\u1ea1i th\u1eddi \u0111i\u1ec3m \u0111\u0103ng k\u00fd, c\u00f4ng ty s\u1ebd c\u1ed1 g\u1eafn \u0111\u00e1p \u1ee9ng nh\u1eefng y\u00eau c\u1ea7u trong kh\u1ea3 n\u0103ng c\u1ee7a m\u00ecnh, song s\u1ebd kh\u00f4ng ch\u1ecbu tr\u00e1ch nh\u1ecb\u00eam v\u1ec1 b\u1ea5t k\u1ef3 s\u1ef1 t\u1eeb ch\u1ed1i cung c\u1ea5p d\u1ecbch v\u1ee5 t\u1eeb ph\u00eda c\u00e1c nh\u00e0 v\u1eadn chuy\u1ec3n c\u00e1c kh\u00e1ch s\u1ea1n,c\u00e1c nh\u00e0 h\u00e0ng v\u00e0 nha cung c\u1ea5p d\u1ecbch v\u1ee5 \u0111\u1ed9c l\u1eadp kh\u00e1c.<\/li>\n<li>Kh\u00e1ch h\u00e0ng s\u1ebd ph\u1ea3i thanh to\u00e1n chi ph\u00ed t\u1ea5t c\u1ea3 c\u00e1c y\u00eau c\u1ea7u \u0111\u1eb7c bi\u1ec7t trong chuy\u1ebfn \u0111i, c\u00e1c tuy\u1ebfn, \u0111i\u1ec3m tham quan ngo\u00e0i ch\u01b0\u01a1ng tr\u00ecnh.<\/li>\n<\/ol>\n<h2><strong>IX. SERVICE REQUESTS AFTER THE TRIP<\/strong><\/h2>\n<p>N\u1ebfu sau khi \u0111i du l\u1ecbch tr\u1edf v\u1ec1, kh\u00e1ch h\u00e0ng mu\u1ed1n y\u00eau c\u1ea7u xem x\u00e9t nh\u1eefng d\u1ecbch v\u1ee5 \u0111\u00e3 \u0111\u01b0\u1ee3c cung c\u1ea5p, xin vui l\u00f2ng ph\u1ea3n h\u1ed3i nh\u1eefng th\u00f4ng tin c\u00f3 li\u00ean quan \u0111\u1ebfn c\u00e1c d\u1ecbch v\u1ee5 \u0111\u00f3 v\u00e0 g\u1eedi v\u1ec1 c\u00f4ng ty Vietskytourism trong v\u00f2ng 30 ng\u00e0y sau khi k\u1ebft th\u00fac chuy\u1ebfn du l\u1ecbch, \u0111i\u1ec1u n\u00e0y s\u1ebd gi\u00fap c\u00f4ng ty Vietskytourism. ti\u1ebfn h\u00e0nh xem k\u1ecbp th\u1eddi.<\/p>\n<p>\u0110\u1ec3 c\u00f3 th\u00f4ng tin ph\u1ea3n h\u1ed3i nhanh, xin kh\u00e1ch h\u00e0ng vui l\u00f2ng \u0111\u1ec1n v\u00e0o phi\u1ebfu nh\u1eadn x\u00e9t ch\u1ea5t l\u01b0\u1ee3ng d\u1ecbch v\u1ee5 m\u00e0 c\u00f4ng ty Vietskytourism. g\u1eedi cho kh\u00e1ch h\u00e0ng v\u00e0 xin vui l\u00f2ng g\u1eedi tr\u1edf l\u1ea1i cho H\u01b0\u1edbng D\u1eabn vi\u00ean c\u00f4ng ty Vietskytourism ngay tr\u01b0\u1edbc khi k\u1ebft th\u00fac\u00a0tour.<\/p>\n<div>\n<h2><strong>X. RESPONSIBILITY<\/strong><\/h2>\n<p><strong>V\u1ec1 ph\u00eda c\u00f4ng ty:\u00a0<\/strong>Chu\u1ea9n b\u1ecb m\u1ecdi d\u1ecbch v\u1ee5 s\u1ebd cung c\u1ea5p cho kh\u00e1ch h\u00e0ng trong ch\u01b0\u01a1ng tr\u00ecnh du l\u1ecbch, bao g\u1ed3m c\u1ea3 nh\u1eefng y\u00eau c\u1ea7u \u0111\u1eb7c bi\u1ec7t c\u1ee7a kh\u00e1ch (n\u1ebfu c\u00f3). Th\u1ef1c hi\u1ec7n theo \u0111\u00fang ch\u01b0\u01a1ng tr\u00ecnh tham quan \u0111\u00e3 ch\u00e0o b\u00e1n.<\/p>\n<\/div>\n<p><strong>V\u1ec1 ph\u00eda kh\u00e1ch h\u00e0ng:\u00a0<\/strong>N\u1ed9p ho\u1eb7c chuy\u1ec3n ti\u1ec1n \u0111\u00fang h\u1ea1n theo y\u00eau c\u1ea7u.\u00a0Trong th\u1eddi gian du l\u1ecbch, du kh\u00e1ch ph\u1ea3i tu\u00e2n th\u1ee7 theo ch\u01b0\u01a1ng tr\u00ecnh, kh\u00f4ng t\u1ef1 \u00fd t\u00e1ch \u0111o\u00e0n. N\u1ebfu c\u00f3 y\u00eau c\u1ea7u thay \u0111\u1ed5i ph\u1ea3i th\u00f4ng b\u00e1o cho tr\u01b0\u1edfng \u0111o\u00e0n v\u00e0 h\u01b0\u1edbng d\u1eabn vi\u00ean du l\u1ecbch c\u00f4ng ty Vietskytourism.<\/p>\n<div>N\u1ebfu nh\u1eefng d\u1ecbch v\u1ee5 bao g\u1ed3m trong ch\u01b0\u01a1ng tr\u00ecnh du l\u1ecbch kh\u00f4ng \u0111\u01b0\u1ee3c cung c\u1ea5p ho\u1eb7c s\u1ef1 thay \u0111\u1ed5i v\u1ec1 l\u1ed9 tr\u00ecnh v\u00ec nh\u1eefng l\u00fd do b\u1ea5t kh\u1ea3 kh\u00e1ng (chi\u1ebfn tranh, thi\u00ean tai, ho\u1ea3n ho\u1ea1n\u2026) nh\u1eb1n ngo\u00e0i s\u1ef1 ki\u1ec3m so\u00e1t c\u1ee7a c\u00f4ng ty Vietskytourism th\u00ec nh\u1eefng chi ph\u00ed ph\u00e1t sinh s\u1ebd do kh\u00e1ch h\u00e0ng tr\u1ea3 ti\u1ec1n. c\u00f2n nh\u1eefng tr\u01b0\u1eddng h\u1ee3p ngo\u1ea1i l\u1ec7 kh\u00e1c, c\u00f4ng ty Vietskytourism . s\u1ebd ho\u00e0n to\u00e0n tr\u1ea3 chi ph\u00ed cho kh\u00e1ch h\u00e0ng.<\/div>\n<div><\/div>\n<div>C\u00f4ng ty Vietskytourism gi\u1eef quy\u1ec1n thay \u0111\u1ed5i l\u1ed9 tr\u00ecnh ho\u1eb7c h\u1ee7y b\u1ecf chuy\u1ebfn \u0111i du l\u1ecbch b\u1ea5t c\u1ee9 l\u00fac n\u00e0o m\u00e0 c\u00f4ng ty Vietskytourism th\u1ea5y c\u1ea7n thi\u1ebft v\u00ec thu\u1eadn ti\u1ec7n ho\u1eb7c an to\u00e0n cho kh\u00e1ch h\u00e0ng<\/div>\n<div><\/div>\n<div>Trong qu\u00e1 tr\u00ecnh th\u1ef1c hi\u1ec7n h\u1ee3p \u0111\u1ed3ng, n\u1ebfu x\u1ea3y ra tranh ch\u1ea5p s\u1ebd \u0111\u01b0\u1ee3c gi\u1ea3i quy\u1ebft tr\u00ean c\u01a1 s\u1edf th\u01b0\u01a1ng l\u01b0\u1ee3ng gi\u1eefa hai b\u00ean. n\u1ebfu vi\u1ec7c th\u01b0\u01a1ng l\u01b0\u1ee3ng kh\u00f4ng \u0111\u1ea1t \u0111\u01b0\u1ee3c k\u1ebft qu\u1ea3, m\u1ecdi vi\u1ec7c s\u1ebd \u0111\u01b0\u1ee3c \u0111\u01b0a ra t\u00f2a \u00e1n kinh t\u1ebf theo \u0111\u00fang qui \u0111\u1ecbnh c\u1ee7a ph\u00e1p lu\u1eadt hi\u1ec7n h\u00e0nh. m\u1ecdi chi ph\u00ed li\u00ean quan s\u1ebd do b\u00ean thua ch\u1ecbu.<\/div>\n","protected":false},"excerpt":{"rendered":"<p>I. TOUR BOOKING INSTRUCTIONS \u0110\u1eb7t tour tr\u1ef1c ti\u1ebfp \u0110\u1eb7t tour Online V\u0103n ph\u00f2ng B\u1eafc Ninh:\u00a0T\u1ea7ng 5, t\u00f2a nh\u00e0 V-City, ph\u01b0\u1eddng V\u00f5 C\u01b0\u1eddng, \u0111\u01b0\u1eddng L\u00ea Th\u00e1i T\u1ed5, TP. B\u1eafc NinhV\u0103n ph\u00f2ng H\u00e0 N\u1ed9i:\u00a0S\u1ed1 59 ph\u1ed1 D\u1ecbch V\u1ecdng H\u1eadu, qu\u1eadn C\u1ea7u Gi\u1ea5y, Th\u00e0nh ph\u1ed1 H\u00e0 N\u1ed9i \u0110i\u1ec1n th\u00f4ng tin:\u00a0kh\u00e1ch h\u00e0ng \u0111i\u1ec1n th\u00f4ng tin v\u00e0o form t\u01b0 v\u1ea5n [&hellip;]<\/p>\n","protected":false},"author":1,"featured_media":0,"parent":0,"menu_order":0,"comment_status":"closed","ping_status":"closed","template":"","meta":{"footnotes":""},"acf":[],"yoast_head":"<!-- This site is optimized with the Yoast SEO plugin v22.4 - https:\/\/yoast.com\/wordpress\/plugins\/seo\/ -->\n<title>Instructions for booking tours - H\u1eb1ng Th\u01b0\u1eddng<\/title>\n<meta name=\"robots\" content=\"noindex, follow, max-snippet:-1, max-image-preview:large, max-video-preview:-1\" \/>\n<meta property=\"og:locale\" content=\"en_US\" \/>\n<meta property=\"og:type\" content=\"article\" \/>\n<meta property=\"og:title\" content=\"Instructions for booking tours - H\u1eb1ng Th\u01b0\u1eddng\" \/>\n<meta property=\"og:description\" content=\"I. TOUR BOOKING INSTRUCTIONS \u0110\u1eb7t tour tr\u1ef1c ti\u1ebfp \u0110\u1eb7t tour Online V\u0103n ph\u00f2ng B\u1eafc Ninh:\u00a0T\u1ea7ng 5, t\u00f2a nh\u00e0 V-City, ph\u01b0\u1eddng V\u00f5 C\u01b0\u1eddng, \u0111\u01b0\u1eddng L\u00ea Th\u00e1i T\u1ed5, TP. B\u1eafc NinhV\u0103n ph\u00f2ng H\u00e0 N\u1ed9i:\u00a0S\u1ed1 59 ph\u1ed1 D\u1ecbch V\u1ecdng H\u1eadu, qu\u1eadn C\u1ea7u Gi\u1ea5y, Th\u00e0nh ph\u1ed1 H\u00e0 N\u1ed9i \u0110i\u1ec1n th\u00f4ng tin:\u00a0kh\u00e1ch h\u00e0ng \u0111i\u1ec1n th\u00f4ng tin v\u00e0o form t\u01b0 v\u1ea5n [&hellip;]\" \/>\n<meta property=\"og:url\" content=\"https:\/\/hangthuong.com\/en\/instructions-for-booking-tours\/\" \/>\n<meta property=\"og:site_name\" content=\"H\u1eb1ng Th\u01b0\u1eddng\" \/>\n<meta property=\"article:modified_time\" content=\"2024-04-11T10:25:52+00:00\" \/>\n<meta name=\"twitter:card\" content=\"summary_large_image\" \/>\n<meta name=\"twitter:label1\" content=\"Est. reading time\" \/>\n\t<meta name=\"twitter:data1\" content=\"11 minutes\" \/>\n<script type=\"application\/ld+json\" class=\"yoast-schema-graph\">{\"@context\":\"https:\/\/schema.org\",\"@graph\":[{\"@type\":\"WebPage\",\"@id\":\"https:\/\/hangthuong.com\/en\/instructions-for-booking-tours\/\",\"url\":\"https:\/\/hangthuong.com\/en\/instructions-for-booking-tours\/\",\"name\":\"Instructions for booking tours - H\u1eb1ng Th\u01b0\u1eddng\",\"isPartOf\":{\"@id\":\"https:\/\/hangthuong.com\/#website\"},\"datePublished\":\"2024-04-08T15:51:50+00:00\",\"dateModified\":\"2024-04-11T10:25:52+00:00\",\"breadcrumb\":{\"@id\":\"https:\/\/hangthuong.com\/en\/instructions-for-booking-tours\/#breadcrumb\"},\"inLanguage\":\"en-US\",\"potentialAction\":[{\"@type\":\"ReadAction\",\"target\":[\"https:\/\/hangthuong.com\/en\/instructions-for-booking-tours\/\"]}]},{\"@type\":\"BreadcrumbList\",\"@id\":\"https:\/\/hangthuong.com\/en\/instructions-for-booking-tours\/#breadcrumb\",\"itemListElement\":[{\"@type\":\"ListItem\",\"position\":1,\"name\":\"Home\",\"item\":\"https:\/\/hangthuong.com\/en\/\"},{\"@type\":\"ListItem\",\"position\":2,\"name\":\"Instructions for booking tours\"}]},{\"@type\":\"WebSite\",\"@id\":\"https:\/\/hangthuong.com\/#website\",\"url\":\"https:\/\/hangthuong.com\/\",\"name\":\"H\u1eb1ng Th\u01b0\u1eddng\",\"description\":\"\",\"potentialAction\":[{\"@type\":\"SearchAction\",\"target\":{\"@type\":\"EntryPoint\",\"urlTemplate\":\"https:\/\/hangthuong.com\/?s={search_term_string}\"},\"query-input\":\"required name=search_term_string\"}],\"inLanguage\":\"en-US\"}]}<\/script>\n<!-- \/ Yoast SEO plugin. -->","yoast_head_json":{"title":"Instructions for booking tours - H\u1eb1ng Th\u01b0\u1eddng","robots":{"index":"noindex","follow":"follow","max-snippet":"max-snippet:-1","max-image-preview":"max-image-preview:large","max-video-preview":"max-video-preview:-1"},"og_locale":"en_US","og_type":"article","og_title":"Instructions for booking tours - H\u1eb1ng Th\u01b0\u1eddng","og_description":"I. TOUR BOOKING INSTRUCTIONS \u0110\u1eb7t tour tr\u1ef1c ti\u1ebfp \u0110\u1eb7t tour Online V\u0103n ph\u00f2ng B\u1eafc Ninh:\u00a0T\u1ea7ng 5, t\u00f2a nh\u00e0 V-City, ph\u01b0\u1eddng V\u00f5 C\u01b0\u1eddng, \u0111\u01b0\u1eddng L\u00ea Th\u00e1i T\u1ed5, TP. B\u1eafc NinhV\u0103n ph\u00f2ng H\u00e0 N\u1ed9i:\u00a0S\u1ed1 59 ph\u1ed1 D\u1ecbch V\u1ecdng H\u1eadu, qu\u1eadn C\u1ea7u Gi\u1ea5y, Th\u00e0nh ph\u1ed1 H\u00e0 N\u1ed9i \u0110i\u1ec1n th\u00f4ng tin:\u00a0kh\u00e1ch h\u00e0ng \u0111i\u1ec1n th\u00f4ng tin v\u00e0o form t\u01b0 v\u1ea5n [&hellip;]","og_url":"https:\/\/hangthuong.com\/en\/instructions-for-booking-tours\/","og_site_name":"H\u1eb1ng Th\u01b0\u1eddng","article_modified_time":"2024-04-11T10:25:52+00:00","twitter_card":"summary_large_image","twitter_misc":{"Est. reading time":"11 minutes"},"schema":{"@context":"https:\/\/schema.org","@graph":[{"@type":"WebPage","@id":"https:\/\/hangthuong.com\/en\/instructions-for-booking-tours\/","url":"https:\/\/hangthuong.com\/en\/instructions-for-booking-tours\/","name":"Instructions for booking tours - H\u1eb1ng Th\u01b0\u1eddng","isPartOf":{"@id":"https:\/\/hangthuong.com\/#website"},"datePublished":"2024-04-08T15:51:50+00:00","dateModified":"2024-04-11T10:25:52+00:00","breadcrumb":{"@id":"https:\/\/hangthuong.com\/en\/instructions-for-booking-tours\/#breadcrumb"},"inLanguage":"en-US","potentialAction":[{"@type":"ReadAction","target":["https:\/\/hangthuong.com\/en\/instructions-for-booking-tours\/"]}]},{"@type":"BreadcrumbList","@id":"https:\/\/hangthuong.com\/en\/instructions-for-booking-tours\/#breadcrumb","itemListElement":[{"@type":"ListItem","position":1,"name":"Home","item":"https:\/\/hangthuong.com\/en\/"},{"@type":"ListItem","position":2,"name":"Instructions for booking tours"}]},{"@type":"WebSite","@id":"https:\/\/hangthuong.com\/#website","url":"https:\/\/hangthuong.com\/","name":"H\u1eb1ng Th\u01b0\u1eddng","description":"","potentialAction":[{"@type":"SearchAction","target":{"@type":"EntryPoint","urlTemplate":"https:\/\/hangthuong.com\/?s={search_term_string}"},"query-input":"required name=search_term_string"}],"inLanguage":"en-US"}]}},"_links":{"self":[{"href":"https:\/\/hangthuong.com\/en\/wp-json\/wp\/v2\/pages\/497"}],"collection":[{"href":"https:\/\/hangthuong.com\/en\/wp-json\/wp\/v2\/pages"}],"about":[{"href":"https:\/\/hangthuong.com\/en\/wp-json\/wp\/v2\/types\/page"}],"author":[{"embeddable":true,"href":"https:\/\/hangthuong.com\/en\/wp-json\/wp\/v2\/users\/1"}],"replies":[{"embeddable":true,"href":"https:\/\/hangthuong.com\/en\/wp-json\/wp\/v2\/comments?post=497"}],"version-history":[{"count":1,"href":"https:\/\/hangthuong.com\/en\/wp-json\/wp\/v2\/pages\/497\/revisions"}],"predecessor-version":[{"id":498,"href":"https:\/\/hangthuong.com\/en\/wp-json\/wp\/v2\/pages\/497\/revisions\/498"}],"wp:attachment":[{"href":"https:\/\/hangthuong.com\/en\/wp-json\/wp\/v2\/media?parent=497"}],"curies":[{"name":"wp","href":"https:\/\/api.w.org\/{rel}","templated":true}]}}