{"id":495,"date":"2018-06-23T02:12:17","date_gmt":"2018-06-23T02:12:17","guid":{"rendered":"http:\/\/hangthuong.com?page_id=495"},"modified":"2024-04-11T17:24:03","modified_gmt":"2024-04-11T17:24:03","slug":"about-us","status":"publish","type":"page","link":"https:\/\/hangthuong.com\/en\/about-us\/","title":{"rendered":"About Us"},"content":{"rendered":"<div class=\"wpb_text_column wpb_content_element \">\n<div class=\"wpb_wrapper\">\n<h2>1. Business information<\/h2>\n<p><strong>Business name:<\/strong>\u00a0Vietsky Trading and Services Company Limited<\/p>\n<p><strong>English name:<\/strong>\u00a0VIETSKY SERVICE AND TRADING COMPANY LIMITED<\/p>\n<p><strong>Abbreviated name:<\/strong>\u00a0VIETSKY SERVICE AND TRADING CO.,LTD<\/p>\n<p><strong>Business registration:<\/strong>\u00a0Certificate No. 2300859117 issued by Hanoi Department of Planning and Investment on October 17, 2014.<\/p>\n<p><strong>Tax code:<\/strong>\u00a02300859117<\/p>\n<p><strong>Bac Ninh Office:<\/strong>\u00a0V-City Building, Le Thai To Street, Vo Cuong Ward, City. Bac Ninh<\/p>\n<p><strong>Hanoi Office:<\/strong>\u00a0No. 59 Dich Vong Hau Street, Cau Giay District, Hanoi City<\/p>\n<p><strong>Email:<\/strong>\u00a0mkt.vietskytourism@gmail.com<\/p>\n<p><strong>Hotline\/Zalo:<\/strong> 0962.971.87<\/p>\n<div class=\"wpb_text_column wpb_content_element \">\n<div class=\"wpb_wrapper\">\n<h2><strong>2. Qu\u00e1 tr\u00ecnh h\u00ecnh th\u00e0nh v\u00e0 ph\u00e1t tri\u1ec3n<\/strong><\/h2>\n<p>C\u00f4ng ty TNHH Th\u01b0\u01a1ng m\u1ea1i &amp; D\u1ecbch v\u1ee5 Vietsky \u0111\u01b0\u1ee3c th\u00e0nh l\u1eadp v\u00e0o ng\u00e0y 17\/10\/2014, v\u1edbi xu\u1ea5t ph\u00e1t \u0111i\u1ec3m l\u00e0 c\u00f4ng ty chuy\u00ean v\u1ec1 cung c\u1ea5p v\u00e9 m\u00e1y bay trong v\u00e0 ngo\u00e0i n\u01b0\u1edbc cho c\u00e1c c\u00e1 nh\u00e2n, t\u1ed5 ch\u1ee9c, doanh nghi\u1ec7p v\u00e0 c\u00e1c \u0111\u1ea1i l\u00fd l\u00e0 c\u00e1c c\u00f4ng ty du l\u1ecbch, ph\u00f2ng v\u00e9 m\u00e1y bay F2, F3\u2026<\/p>\n<p>N\u0103m 2017, ban l\u00e3nh \u0111\u1ea1o c\u1ee7a Vietsky \u0111\u00e3 \u0111\u01b0a ra m\u1ed9t quy\u1ebft \u0111\u1ecbnh quan tr\u1ecdng mang t\u00ednh b\u01b0\u1edbc ngo\u1eb7t \u0111\u1ebfn \u0111\u1ecbnh h\u01b0\u1edbng ph\u00e1t tri\u1ec3n c\u1ee7a c\u00f4ng ty sau n\u00e0y khi th\u00e0nh l\u1eadp v\u0103n ph\u00f2ng t\u1ea1i H\u00e0 N\u1ed9i v\u00e0 ph\u00e1t tri\u1ec3n th\u00eam s\u1ea3n ph\u1ea9m tour du l\u1ecbch trong n\u01b0\u1edbc v\u00e0 qu\u1ed1c t\u1ebf. V\u1edbi th\u1ebf m\u1ea1nh v\u1ed1n c\u00f3 khi c\u00f3 nhi\u1ec1u n\u0103m kinh nghi\u1ec7m l\u00e0 \u0111\u1ea1i l\u00fd v\u00e9 m\u00e1y bay n\u00ean ch\u00fang t\u00f4i t\u1eadp trung v\u00e0o ph\u00e2n kh\u00fac tour \u0111\u01b0\u1eddng bay nh\u01b0: \u0110\u00e0 N\u1eb5ng, Quy Nh\u01a1n, \u0110\u00e0 L\u1ea1t, Ph\u00fa Qu\u1ed1c\u2026v\u00e0 \u0111\u1eb7c bi\u1ec7t l\u00e0 m\u1ea3ng tour qu\u1ed1c t\u1ebf v\u1edbi c\u00e1c th\u1ecb tr\u01b0\u1eddng: Th\u00e1i Lan, Trung Qu\u1ed1c, Nh\u1eadt B\u1ea3n, H\u00e0n Qu\u1ed1c\u2026<\/p>\n<p><img fetchpriority=\"high\" decoding=\"async\" class=\"aligncenter wp-image-15651 size-full\" src=\"https:\/\/vietskytourism.com.vn\/wp-content\/uploads\/2023\/12\/393486748_848379310629556_2482733363844264800_n.jpg\" sizes=\"(max-width: 2048px) 100vw, 2048px\" srcset=\"https:\/\/vietskytourism.com.vn\/wp-content\/uploads\/2023\/12\/393486748_848379310629556_2482733363844264800_n.jpg 2048w, https:\/\/vietskytourism.com.vn\/wp-content\/uploads\/2023\/12\/393486748_848379310629556_2482733363844264800_n-300x200.jpg 300w, https:\/\/vietskytourism.com.vn\/wp-content\/uploads\/2023\/12\/393486748_848379310629556_2482733363844264800_n-1024x683.jpg 1024w, https:\/\/vietskytourism.com.vn\/wp-content\/uploads\/2023\/12\/393486748_848379310629556_2482733363844264800_n-768x512.jpg 768w, https:\/\/vietskytourism.com.vn\/wp-content\/uploads\/2023\/12\/393486748_848379310629556_2482733363844264800_n-1536x1025.jpg 1536w\" alt=\"\" width=\"2048\" height=\"1366\" \/><\/p>\n<\/div>\n<\/div>\n<div class=\"wpb_text_column wpb_content_element \">\n<div class=\"wpb_wrapper\">\n<p>N\u0103m 2022, tr\u1edf l\u1ea1i sau 2 n\u0103m covid kh\u00f3 kh\u0103n, Vietsky ch\u00ednh th\u1ee9c tri\u1ec3n khai th\u00eam m\u1ea3ng t\u1ed5 ch\u1ee9c teambuilding, s\u1ef1 ki\u1ec7n, party, gala dinner v\u00e0 MICE. Th\u1ef1c ch\u1ea5t ch\u00fang t\u00f4i \u0111\u00e3 lu\u00f4n t\u1ed5 ch\u1ee9c c\u00e1c s\u1ef1 ki\u1ec7n cho c\u00e1c c\u01a1 quan, doanh nghi\u1ec7p trong c\u00e1c chuy\u1ebfn \u0111i du l\u1ecbch t\u1eeb 2017 \u0111\u1ebfn nay. Nh\u01b0ng \u0111\u1ebfn 2022 th\u00ec Vietsky m\u1edbi ch\u00ednh th\u1ee9c \u0111\u01b0a m\u1ea3ng n\u00e0y v\u00e0o danh s\u00e1ch s\u1ea3n ph\u1ea9m c\u1ee7a c\u00f4ng ty.<\/p>\n<p>2023 s\u1ebd l\u1ea1i l\u00e0 1 n\u0103m \u0111\u00e1nh d\u1ea5u m\u1ed9t c\u1ed9t m\u1ed1c quan tr\u1ecdng n\u1eefa trong ch\u1eb7ng \u0111\u01b0\u1eddng ph\u00e1t tri\u1ec3n c\u1ee7a Vietsky, khi ban l\u00e3nh \u0111\u1ea1o c\u00f4ng ty \u0111\u00e3 \u0111i \u0111\u1ebfn th\u1ed1ng nh\u1ea5t quy\u1ebft \u0111\u1ecbnh thay \u0111\u1ed5i b\u1ed9 nh\u1eadn di\u1ec7n th\u01b0\u01a1ng hi\u1ec7u v\u00e0 m\u1edf r\u1ed9ng th\u00eam c\u00e1c tour tuy\u1ebfn \u0111i\u1ec3m m\u1edbi h\u01b0\u1edbng \u0111\u1ebfn c\u00e1c th\u1ecb tr\u01b0\u1eddng ch\u00e2u \u00c2u v\u00e0 ch\u00e2u M\u1ef9.<\/p>\n<h2><strong><img decoding=\"async\" class=\"aligncenter wp-image-15307 size-full\" src=\"https:\/\/vietskytourism.com.vn\/wp-content\/uploads\/2023\/11\/394633860_854950823305738_8255429892108599800_n.jpg\" sizes=\"(max-width: 2048px) 100vw, 2048px\" srcset=\"https:\/\/vietskytourism.com.vn\/wp-content\/uploads\/2023\/11\/394633860_854950823305738_8255429892108599800_n.jpg 2048w, https:\/\/vietskytourism.com.vn\/wp-content\/uploads\/2023\/11\/394633860_854950823305738_8255429892108599800_n-300x200.jpg 300w, https:\/\/vietskytourism.com.vn\/wp-content\/uploads\/2023\/11\/394633860_854950823305738_8255429892108599800_n-1024x683.jpg 1024w, https:\/\/vietskytourism.com.vn\/wp-content\/uploads\/2023\/11\/394633860_854950823305738_8255429892108599800_n-768x512.jpg 768w, https:\/\/vietskytourism.com.vn\/wp-content\/uploads\/2023\/11\/394633860_854950823305738_8255429892108599800_n-1536x1025.jpg 1536w\" alt=\"Nh\u00e2n s\u1ef1 Vietskytourism\" width=\"2048\" height=\"1366\" \/><\/strong><\/h2>\n<p>Nh\u00ecn l\u1ea1i m\u1ed9t ch\u1eb7ng \u0111\u01b0\u1eddng ph\u00e1t tri\u1ec3n t\u1eeb m\u1ed9t doanh nghi\u1ec7p non tr\u1ebb cho \u0111\u1ebfn t\u1eadn nh\u1eefng ng\u00e0y th\u00e1ng c\u1ee7a hi\u1ec7n t\u1ea1i l\u00e0 1 kho\u1ea3ng th\u1eddi gian \u0111\u1ee7 \u0111\u1ec3 m\u1ed9t c\u00f4ng ty kh\u1eb3ng \u0111\u1ecbnh \u0111\u01b0\u1ee3c gi\u00e1 tr\u1ecb ri\u00eang c\u1ee7a m\u00ecnh th\u00f4ng qua nh\u1eefng d\u1ea5u m\u1ed1c quan tr\u1ecdng.<\/p>\n<p>Ng\u01b0\u1eddi tr\u00e8o thuy\u1ec1n gi\u1ecfi kh\u00f4ng \u0111\u1ebfn t\u1eeb v\u00f9ng bi\u1ec3n l\u1eb7ng s\u00f3ng. 2 n\u0103m covid kh\u00f3 kh\u0103n \u0111\u00e3 \u0111\u00e1nh g\u1ee5c kh\u00f4ng \u00edt c\u00e1c doanh nghi\u1ec7p, nh\u01b0ng ch\u00fang t\u00f4i v\u1eabn \u1edf \u0111\u1ea5y, th\u1ec3 hi\u1ec7n s\u1ef1 chuy\u1ec3n \u0111\u1ed5i v\u00e0 th\u00edch nghi t\u1ed1t h\u01a1n, m\u1ea1nh m\u1ebd h\u01a1n v\u00e0 s\u1eb5n s\u00e0ng \u0111\u1ed1i m\u1eb7t v\u1edbi nh\u1eefng th\u00e1ch th\u1ee9c.<\/p>\n<p>Lu\u00f4n lu\u00f4n \u0111\u1ed5i m\u1edbi, s\u00e1ng t\u1ea1o, ph\u00e1 c\u00e1ch t\u1ea1o t\u1ea1o ra nh\u1eefng s\u1ea3n ph\u1ea9m ch\u1ea5t l\u01b0\u1ee3ng nh\u1ea5t \u0111\u1ebfn tay kh\u00e1ch h\u00e0ng l\u00e0 ti\u00eau ch\u00ed m\u00e0 ch\u00fang t\u00f4i lu\u00f4n h\u01b0\u1edbng t\u1edbi.<\/p>\n<h2><strong><img decoding=\"async\" class=\"aligncenter wp-image-15652 size-full\" src=\"https:\/\/vietskytourism.com.vn\/wp-content\/uploads\/2023\/12\/z4932640168822_97e93c97e401dbef51f6cb836e568616.jpg\" sizes=\"(max-width: 1276px) 100vw, 1276px\" srcset=\"https:\/\/vietskytourism.com.vn\/wp-content\/uploads\/2023\/12\/z4932640168822_97e93c97e401dbef51f6cb836e568616.jpg 1276w, https:\/\/vietskytourism.com.vn\/wp-content\/uploads\/2023\/12\/z4932640168822_97e93c97e401dbef51f6cb836e568616-300x225.jpg 300w, https:\/\/vietskytourism.com.vn\/wp-content\/uploads\/2023\/12\/z4932640168822_97e93c97e401dbef51f6cb836e568616-1024x767.jpg 1024w, https:\/\/vietskytourism.com.vn\/wp-content\/uploads\/2023\/12\/z4932640168822_97e93c97e401dbef51f6cb836e568616-768x575.jpg 768w\" alt=\"\" width=\"1276\" height=\"956\" \/><\/strong><\/h2>\n<h2><strong>3. V\u0103n h\u00f3a doanh nghi\u1ec7p<\/strong><\/h2>\n<p>Vietsky lu\u00f4n mong mu\u1ed1n h\u01b0\u1edbng \u0111\u1ebfn m\u1ed9t doanh nghi\u1ec7p gi\u00e0u l\u00f2ng nh\u00e2n \u00e1i, ph\u00e1t tri\u1ec3n v\u00ec c\u1ed9ng \u0111\u1ed3ng, c\u00f3 tr\u00e1ch nhi\u1ec7m v\u1edbi b\u1ea3n th\u00e2n, gia \u0111\u00ecnh v\u00e0 x\u00e3 h\u1ed9i.<\/p>\n<h2><strong>4. T\u1ea7m nh\u00ecn doanh nghi\u1ec7p<\/strong><\/h2>\n<p>Tr\u1edf th\u00e0nh c\u00f4ng ty cung c\u1ea5p d\u1ecbch v\u1ee5 du l\u1ecbch l\u1eef h\u00e0nh ch\u1ea5t l\u01b0\u1ee3ng v\u00e0 uy t\u00edn h\u00e0ng \u0111\u1ea7u t\u1ea1i m\u1ed7i khu v\u1ef1c m\u00e0 ch\u00fang t\u00f4i \u0111\u1eb7t ch\u00e2n t\u1edbi.<\/p>\n<h2><strong>5. S\u1ee9 m\u1ec7nh doanh nghi\u1ec7p<\/strong><\/h2>\n<p><strong>S\u1ee9 m\u1ec7nh v\u1edbi kh\u00e1ch h\u00e0ng:<\/strong>\u00a0Lu\u00f4n lu\u00f4n \u0111\u1ed5i m\u1edbi, s\u00e1ng t\u1ea1o v\u00e0 ph\u00e1 c\u00e1ch nh\u1eb1m mang \u0111\u1ebfn cho kh\u00e1ch h\u00e0ng nh\u1eefng tr\u1ea3i nghi\u1ec7m m\u1edbi, ch\u1ea5t l\u01b0\u1ee3ng v\u00e0 gi\u00e1 th\u00e0nh t\u1ed1t nh\u1ea5t.<\/p>\n<p><strong>S\u1ee9 m\u1ec7nh v\u1edbi doanh nghi\u1ec7p:<\/strong>\u00a0X\u00e2y d\u1ef1ng m\u00f4i tr\u01b0\u1eddng l\u00e0m vi\u1ec7c chuy\u00ean nghi\u1ec7p, v\u0103n minh, t\u1ea1o c\u01a1 h\u1ed9i ph\u00e1t tri\u1ec3n cho t\u1ea5t c\u1ea3 nh\u00e2n vi\u00ean. Ph\u00e1t tri\u1ec3n doanh nghi\u1ec7p theo h\u01b0\u1edbng b\u1ec1n v\u1eefng, kh\u00f4ng v\u00ec l\u1ee3i \u00edch nh\u1ea5t th\u1eddi m\u00e0 \u0111\u00e1nh m\u1ea5t \u0111i gi\u00e1 tr\u1ecb b\u1ea3n s\u1eafc c\u1ee7a doanh nghi\u1ec7p g\u00e2y d\u1ef1ng l\u00e2u nay.<\/p>\n<p><strong>S\u1ee9 m\u1ec7nh v\u1edbi c\u1ed9ng \u0111\u1ed3ng:<\/strong>\u00a0Ph\u00e1t tri\u1ec3n theo xu h\u01b0\u1edbng h\u1ed9i nh\u1eadp, b\u1ec1n v\u1eefng, hi\u1ec7u qu\u1ea3 doanh nghi\u1ec7p g\u1eafn v\u1edbi c\u00e1c gi\u00e1 tr\u1ecb v\u0103n h\u00f3a, l\u1ee3i \u00edch c\u1ed9ng \u0111\u1ed3ng.<\/p>\n<h2><strong><img loading=\"lazy\" decoding=\"async\" class=\"aligncenter wp-image-15653 size-full\" src=\"https:\/\/vietskytourism.com.vn\/wp-content\/uploads\/2023\/12\/z4933063146432_483f5dc42add9dbb92952f6d836b4def.jpg\" sizes=\"(max-width: 1276px) 100vw, 1276px\" srcset=\"https:\/\/vietskytourism.com.vn\/wp-content\/uploads\/2023\/12\/z4933063146432_483f5dc42add9dbb92952f6d836b4def.jpg 1276w, https:\/\/vietskytourism.com.vn\/wp-content\/uploads\/2023\/12\/z4933063146432_483f5dc42add9dbb92952f6d836b4def-300x225.jpg 300w, https:\/\/vietskytourism.com.vn\/wp-content\/uploads\/2023\/12\/z4933063146432_483f5dc42add9dbb92952f6d836b4def-1024x767.jpg 1024w, https:\/\/vietskytourism.com.vn\/wp-content\/uploads\/2023\/12\/z4933063146432_483f5dc42add9dbb92952f6d836b4def-768x575.jpg 768w\" alt=\"\" width=\"1276\" height=\"956\" \/><\/strong><\/h2>\n<p><strong>6. Gi\u00e1 tr\u1ecb c\u1ed1t l\u00f5i doanh nghi\u1ec7p<\/strong><\/p>\n<p><strong>UY T\u00cdN \u2013 CH\u1ea4T L\u01af\u1ee2NG \u2013 CHUY\u00caN NGHI\u1ec6P \u2013 KH\u00c1C BI\u1ec6T<\/strong><\/p>\n<p><i>\u201cCh\u00fang t\u00f4i coi vi\u1ec7c k\u00fd k\u1ebft h\u1ee3p \u0111\u1ed3ng kh\u00f4ng ph\u1ea3i l\u00e0 \u0111\u00edch \u0111\u1ebfn, m\u00e0 ch\u1ec9 l\u00e0 \u0111i\u1ec3m kh\u1edfi \u0111\u1ea7u c\u1ee7a m\u1ed9t m\u1ed1i quan h\u1ec7 h\u1ee3p t\u00e1c l\u00e2u d\u00e0i .\u201d<\/i><\/p>\n<h2><strong>7. L\u0129nh v\u1ef1c kinh doanh<\/strong><\/h2>\n<table>\n<tbody>\n<tr>\n<td><strong>1. Tour du l\u1ecbch trong n\u01b0\u1edbc<\/strong><\/td>\n<td><strong>6. C\u00e1c d\u1ecbch v\u1ee5 li\u00ean quan \u0111\u1ebfn visa<\/strong><\/td>\n<\/tr>\n<tr>\n<td><strong>2. Tour du l\u1ecbch n\u01b0\u1edbc ngo\u00e0i<\/strong><\/td>\n<td><strong>7. T\u1ed5 ch\u1ee9c Teambuilding<\/strong><\/td>\n<\/tr>\n<tr>\n<td><strong>3. C\u00e1c d\u1ecbch v\u1ee5 li\u00ean quan \u0111\u1ebfn combo su l\u1ecbch<\/strong><\/td>\n<td><strong>8. T\u1ed5 ch\u1ee9c s\u1ef1 ki\u1ec7n<\/strong><\/td>\n<\/tr>\n<tr>\n<td><strong>4. C\u00e1c d\u1ecbch v\u1ee5 li\u00ean quan \u0111\u1ebfn booking v\u00e9 m\u00e1y bay<\/strong><\/td>\n<td><strong>9. T\u1ed5 ch\u1ee9c s\u1ef1 ki\u1ec7n tour MICE\u00a0<\/strong><\/td>\n<\/tr>\n<tr>\n<td><strong>5. C\u00e1c d\u1ecbch v\u1ee5 v\u1ec1 booking kh\u00e1ch s\u1ea1n, resort, homestay<\/strong><\/td>\n<\/tr>\n<\/tbody>\n<\/table>\n<\/div>\n<\/div>\n<\/div>\n<\/div>\n","protected":false},"excerpt":{"rendered":"<p>1. Business information Business name:\u00a0Vietsky Trading and Services Company Limited English name:\u00a0VIETSKY SERVICE AND TRADING COMPANY LIMITED Abbreviated name:\u00a0VIETSKY SERVICE AND TRADING CO.,LTD Business registration:\u00a0Certificate No. 2300859117 issued by Hanoi Department of Planning and Investment on October 17, 2014. Tax code:\u00a02300859117 Bac Ninh Office:\u00a0V-City Building, Le Thai To Street, Vo Cuong Ward, City. Bac Ninh [&hellip;]<\/p>\n","protected":false},"author":1,"featured_media":0,"parent":0,"menu_order":0,"comment_status":"closed","ping_status":"closed","template":"","meta":{"footnotes":""},"acf":[],"yoast_head":"<!-- This site is optimized with the Yoast SEO plugin v22.4 - https:\/\/yoast.com\/wordpress\/plugins\/seo\/ -->\n<title>About Us - H\u1eb1ng Th\u01b0\u1eddng<\/title>\n<meta name=\"robots\" content=\"noindex, follow, max-snippet:-1, max-image-preview:large, max-video-preview:-1\" \/>\n<meta property=\"og:locale\" content=\"en_US\" \/>\n<meta property=\"og:type\" content=\"article\" \/>\n<meta property=\"og:title\" content=\"About Us - H\u1eb1ng Th\u01b0\u1eddng\" \/>\n<meta property=\"og:description\" content=\"1. Business information Business name:\u00a0Vietsky Trading and Services Company Limited English name:\u00a0VIETSKY SERVICE AND TRADING COMPANY LIMITED Abbreviated name:\u00a0VIETSKY SERVICE AND TRADING CO.,LTD Business registration:\u00a0Certificate No. 2300859117 issued by Hanoi Department of Planning and Investment on October 17, 2014. Tax code:\u00a02300859117 Bac Ninh Office:\u00a0V-City Building, Le Thai To Street, Vo Cuong Ward, City. Bac Ninh [&hellip;]\" \/>\n<meta property=\"og:url\" content=\"https:\/\/hangthuong.com\/en\/about-us\/\" \/>\n<meta property=\"og:site_name\" content=\"H\u1eb1ng Th\u01b0\u1eddng\" \/>\n<meta property=\"article:modified_time\" content=\"2024-04-11T17:24:03+00:00\" \/>\n<meta property=\"og:image\" content=\"https:\/\/vietskytourism.com.vn\/wp-content\/uploads\/2023\/12\/393486748_848379310629556_2482733363844264800_n.jpg\" \/>\n<meta name=\"twitter:card\" content=\"summary_large_image\" \/>\n<meta name=\"twitter:label1\" content=\"Est. reading time\" \/>\n\t<meta name=\"twitter:data1\" content=\"6 minutes\" \/>\n<script type=\"application\/ld+json\" class=\"yoast-schema-graph\">{\"@context\":\"https:\/\/schema.org\",\"@graph\":[{\"@type\":\"WebPage\",\"@id\":\"https:\/\/hangthuong.com\/en\/about-us\/\",\"url\":\"https:\/\/hangthuong.com\/en\/about-us\/\",\"name\":\"About Us - H\u1eb1ng Th\u01b0\u1eddng\",\"isPartOf\":{\"@id\":\"https:\/\/hangthuong.com\/#website\"},\"primaryImageOfPage\":{\"@id\":\"https:\/\/hangthuong.com\/en\/about-us\/#primaryimage\"},\"image\":{\"@id\":\"https:\/\/hangthuong.com\/en\/about-us\/#primaryimage\"},\"thumbnailUrl\":\"https:\/\/vietskytourism.com.vn\/wp-content\/uploads\/2023\/12\/393486748_848379310629556_2482733363844264800_n.jpg\",\"datePublished\":\"2018-06-23T02:12:17+00:00\",\"dateModified\":\"2024-04-11T17:24:03+00:00\",\"breadcrumb\":{\"@id\":\"https:\/\/hangthuong.com\/en\/about-us\/#breadcrumb\"},\"inLanguage\":\"en-US\",\"potentialAction\":[{\"@type\":\"ReadAction\",\"target\":[\"https:\/\/hangthuong.com\/en\/about-us\/\"]}]},{\"@type\":\"ImageObject\",\"inLanguage\":\"en-US\",\"@id\":\"https:\/\/hangthuong.com\/en\/about-us\/#primaryimage\",\"url\":\"https:\/\/vietskytourism.com.vn\/wp-content\/uploads\/2023\/12\/393486748_848379310629556_2482733363844264800_n.jpg\",\"contentUrl\":\"https:\/\/vietskytourism.com.vn\/wp-content\/uploads\/2023\/12\/393486748_848379310629556_2482733363844264800_n.jpg\"},{\"@type\":\"BreadcrumbList\",\"@id\":\"https:\/\/hangthuong.com\/en\/about-us\/#breadcrumb\",\"itemListElement\":[{\"@type\":\"ListItem\",\"position\":1,\"name\":\"Home\",\"item\":\"https:\/\/hangthuong.com\/en\/\"},{\"@type\":\"ListItem\",\"position\":2,\"name\":\"About Us\"}]},{\"@type\":\"WebSite\",\"@id\":\"https:\/\/hangthuong.com\/#website\",\"url\":\"https:\/\/hangthuong.com\/\",\"name\":\"H\u1eb1ng Th\u01b0\u1eddng\",\"description\":\"\",\"potentialAction\":[{\"@type\":\"SearchAction\",\"target\":{\"@type\":\"EntryPoint\",\"urlTemplate\":\"https:\/\/hangthuong.com\/?s={search_term_string}\"},\"query-input\":\"required name=search_term_string\"}],\"inLanguage\":\"en-US\"}]}<\/script>\n<!-- \/ Yoast SEO plugin. -->","yoast_head_json":{"title":"About Us - H\u1eb1ng Th\u01b0\u1eddng","robots":{"index":"noindex","follow":"follow","max-snippet":"max-snippet:-1","max-image-preview":"max-image-preview:large","max-video-preview":"max-video-preview:-1"},"og_locale":"en_US","og_type":"article","og_title":"About Us - H\u1eb1ng Th\u01b0\u1eddng","og_description":"1. Business information Business name:\u00a0Vietsky Trading and Services Company Limited English name:\u00a0VIETSKY SERVICE AND TRADING COMPANY LIMITED Abbreviated name:\u00a0VIETSKY SERVICE AND TRADING CO.,LTD Business registration:\u00a0Certificate No. 2300859117 issued by Hanoi Department of Planning and Investment on October 17, 2014. Tax code:\u00a02300859117 Bac Ninh Office:\u00a0V-City Building, Le Thai To Street, Vo Cuong Ward, City. Bac Ninh [&hellip;]","og_url":"https:\/\/hangthuong.com\/en\/about-us\/","og_site_name":"H\u1eb1ng Th\u01b0\u1eddng","article_modified_time":"2024-04-11T17:24:03+00:00","og_image":[{"url":"https:\/\/vietskytourism.com.vn\/wp-content\/uploads\/2023\/12\/393486748_848379310629556_2482733363844264800_n.jpg"}],"twitter_card":"summary_large_image","twitter_misc":{"Est. reading time":"6 minutes"},"schema":{"@context":"https:\/\/schema.org","@graph":[{"@type":"WebPage","@id":"https:\/\/hangthuong.com\/en\/about-us\/","url":"https:\/\/hangthuong.com\/en\/about-us\/","name":"About Us - H\u1eb1ng Th\u01b0\u1eddng","isPartOf":{"@id":"https:\/\/hangthuong.com\/#website"},"primaryImageOfPage":{"@id":"https:\/\/hangthuong.com\/en\/about-us\/#primaryimage"},"image":{"@id":"https:\/\/hangthuong.com\/en\/about-us\/#primaryimage"},"thumbnailUrl":"https:\/\/vietskytourism.com.vn\/wp-content\/uploads\/2023\/12\/393486748_848379310629556_2482733363844264800_n.jpg","datePublished":"2018-06-23T02:12:17+00:00","dateModified":"2024-04-11T17:24:03+00:00","breadcrumb":{"@id":"https:\/\/hangthuong.com\/en\/about-us\/#breadcrumb"},"inLanguage":"en-US","potentialAction":[{"@type":"ReadAction","target":["https:\/\/hangthuong.com\/en\/about-us\/"]}]},{"@type":"ImageObject","inLanguage":"en-US","@id":"https:\/\/hangthuong.com\/en\/about-us\/#primaryimage","url":"https:\/\/vietskytourism.com.vn\/wp-content\/uploads\/2023\/12\/393486748_848379310629556_2482733363844264800_n.jpg","contentUrl":"https:\/\/vietskytourism.com.vn\/wp-content\/uploads\/2023\/12\/393486748_848379310629556_2482733363844264800_n.jpg"},{"@type":"BreadcrumbList","@id":"https:\/\/hangthuong.com\/en\/about-us\/#breadcrumb","itemListElement":[{"@type":"ListItem","position":1,"name":"Home","item":"https:\/\/hangthuong.com\/en\/"},{"@type":"ListItem","position":2,"name":"About Us"}]},{"@type":"WebSite","@id":"https:\/\/hangthuong.com\/#website","url":"https:\/\/hangthuong.com\/","name":"H\u1eb1ng Th\u01b0\u1eddng","description":"","potentialAction":[{"@type":"SearchAction","target":{"@type":"EntryPoint","urlTemplate":"https:\/\/hangthuong.com\/?s={search_term_string}"},"query-input":"required name=search_term_string"}],"inLanguage":"en-US"}]}},"_links":{"self":[{"href":"https:\/\/hangthuong.com\/en\/wp-json\/wp\/v2\/pages\/495"}],"collection":[{"href":"https:\/\/hangthuong.com\/en\/wp-json\/wp\/v2\/pages"}],"about":[{"href":"https:\/\/hangthuong.com\/en\/wp-json\/wp\/v2\/types\/page"}],"author":[{"embeddable":true,"href":"https:\/\/hangthuong.com\/en\/wp-json\/wp\/v2\/users\/1"}],"replies":[{"embeddable":true,"href":"https:\/\/hangthuong.com\/en\/wp-json\/wp\/v2\/comments?post=495"}],"version-history":[{"count":3,"href":"https:\/\/hangthuong.com\/en\/wp-json\/wp\/v2\/pages\/495\/revisions"}],"predecessor-version":[{"id":604,"href":"https:\/\/hangthuong.com\/en\/wp-json\/wp\/v2\/pages\/495\/revisions\/604"}],"wp:attachment":[{"href":"https:\/\/hangthuong.com\/en\/wp-json\/wp\/v2\/media?parent=495"}],"curies":[{"name":"wp","href":"https:\/\/api.w.org\/{rel}","templated":true}]}}